{"id":16,"date":"2026-03-25T13:32:24","date_gmt":"2026-03-25T13:32:24","guid":{"rendered":"http:\/\/qgsauna.com\/?page_id=16"},"modified":"2026-04-01T11:48:45","modified_gmt":"2026-04-01T11:48:45","slug":"le-qg-sauna-la-rochelle","status":"publish","type":"page","link":"https:\/\/qgsauna.com\/","title":{"rendered":"Le QG Sauna La Rochelle"},"content":{"rendered":"\t\t<div data-elementor-type=\"wp-page\" data-elementor-id=\"16\" class=\"elementor elementor-16\" data-elementor-post-type=\"page\">\n\t\t\t\t<div class=\"elementor-element elementor-element-bea6637 e-flex e-con-boxed e-con e-parent\" data-id=\"bea6637\" data-element_type=\"container\" data-e-type=\"container\" data-settings=\"{&quot;background_background&quot;:&quot;classic&quot;}\">\n\t\t\t\t\t<div class=\"e-con-inner\">\n\t\t\t\t<div class=\"elementor-element elementor-element-4db7eb2 elementor-widget elementor-widget-image\" data-id=\"4db7eb2\" data-element_type=\"widget\" data-e-type=\"widget\" data-widget_type=\"image.default\">\n\t\t\t\t\t\t\t\t\t\t\t\t\t\t\t<img fetchpriority=\"high\" decoding=\"async\" width=\"739\" height=\"676\" src=\"http:\/\/qgsauna.com\/wp-content\/uploads\/2026\/04\/LOGO-OK.jpg\" class=\"attachment-large size-large wp-image-58\" alt=\"\" srcset=\"http:\/\/qgsauna.com\/wp-content\/uploads\/2026\/04\/LOGO-OK.jpg 739w, http:\/\/qgsauna.com\/wp-content\/uploads\/2026\/04\/LOGO-OK-300x274.jpg 300w\" sizes=\"(max-width: 739px) 100vw, 739px\" \/>\t\t\t\t\t\t\t\t\t\t\t\t\t\t\t<\/div>\n\t\t\t\t<div class=\"elementor-element elementor-element-163c581 elementor-widget elementor-widget-text-editor\" data-id=\"163c581\" data-element_type=\"widget\" data-e-type=\"widget\" data-widget_type=\"text-editor.default\">\n\t\t\t\t\t\t\t\t\t<p>Pr\u00eat(e) \u00e0 d\u00e9couvrir le nouveau lieu de tous les plaisirs \u00e0 la Rochelle ?<\/p><p>L&#8217;\u00e9quipe du QG SAUNA change et vous accueille en ambiance libertine ou gay, au c\u0153ur de la ville et en toute discr\u00e9tion.\u00a0<\/p><p>D\u00e9tendez-vous dans notre baln\u00e9o (jacuzzi, sauna &amp; hammam) ou partagez un verre au bar (Licence IV) &#8230; ou les deux !<\/p>\t\t\t\t\t\t\t\t<\/div>\n\t\t\t\t<div class=\"elementor-element elementor-element-75ebc82 elementor-widget elementor-widget-heading\" data-id=\"75ebc82\" data-element_type=\"widget\" data-e-type=\"widget\" data-widget_type=\"heading.default\">\n\t\t\t\t\t<h1 class=\"elementor-heading-title elementor-size-default\">Le programme :<\/h1>\t\t\t\t<\/div>\n\t\t\t\t<div class=\"elementor-element elementor-element-86da85c elementor-widget elementor-widget-image\" data-id=\"86da85c\" data-element_type=\"widget\" data-e-type=\"widget\" data-widget_type=\"image.default\">\n\t\t\t\t\t\t\t\t\t\t\t\t\t\t\t\t<a href=\"http:\/\/qgsauna.com\/wp-content\/uploads\/2026\/04\/Inivitation-inaugurations-publiques-QG-verso-0526.png\" data-elementor-open-lightbox=\"yes\" data-elementor-lightbox-title=\"Inivitation inaugurations publiques QG - verso 0526\" data-e-action-hash=\"#elementor-action%3Aaction%3Dlightbox%26settings%3DeyJpZCI6NjAsInVybCI6Imh0dHA6XC9cL3Fnc2F1bmEuY29tXC93cC1jb250ZW50XC91cGxvYWRzXC8yMDI2XC8wNFwvSW5pdml0YXRpb24taW5hdWd1cmF0aW9ucy1wdWJsaXF1ZXMtUUctdmVyc28tMDUyNi5wbmcifQ%3D%3D\">\n\t\t\t\t\t\t\t<img decoding=\"async\" width=\"800\" height=\"450\" src=\"http:\/\/qgsauna.com\/wp-content\/uploads\/2026\/04\/Inivitation-inaugurations-publiques-QG-verso-0526-1024x576.png\" class=\"attachment-large size-large wp-image-60\" alt=\"\" srcset=\"http:\/\/qgsauna.com\/wp-content\/uploads\/2026\/04\/Inivitation-inaugurations-publiques-QG-verso-0526-1024x576.png 1024w, http:\/\/qgsauna.com\/wp-content\/uploads\/2026\/04\/Inivitation-inaugurations-publiques-QG-verso-0526-300x169.png 300w, http:\/\/qgsauna.com\/wp-content\/uploads\/2026\/04\/Inivitation-inaugurations-publiques-QG-verso-0526-768x432.png 768w, http:\/\/qgsauna.com\/wp-content\/uploads\/2026\/04\/Inivitation-inaugurations-publiques-QG-verso-0526.png 1280w\" sizes=\"(max-width: 800px) 100vw, 800px\" \/>\t\t\t\t\t\t\t\t<\/a>\n\t\t\t\t\t\t\t\t\t\t\t\t\t\t\t<\/div>\n\t\t\t\t<div class=\"elementor-element elementor-element-617a9ca elementor-widget elementor-widget-heading\" data-id=\"617a9ca\" data-element_type=\"widget\" data-e-type=\"widget\" data-widget_type=\"heading.default\">\n\t\t\t\t\t<h1 class=\"elementor-heading-title elementor-size-default\">Inauguration(s) les 1er,  2 &amp; 3 mai. Pensez \u00e0 r\u00e9server :<\/h1>\t\t\t\t<\/div>\n\t\t\t\t<div class=\"elementor-element elementor-element-f3d4d2e elementor-button-align-stretch elementor-widget elementor-widget-form\" data-id=\"f3d4d2e\" data-element_type=\"widget\" data-e-type=\"widget\" data-settings=\"{&quot;step_next_label&quot;:&quot;Next&quot;,&quot;step_previous_label&quot;:&quot;Previous&quot;,&quot;button_width&quot;:&quot;100&quot;,&quot;step_type&quot;:&quot;number_text&quot;,&quot;step_icon_shape&quot;:&quot;circle&quot;}\" data-widget_type=\"form.default\">\n\t\t\t\t\t\t\t<form class=\"elementor-form\" method=\"post\" name=\"New Form\" aria-label=\"New Form\">\n\t\t\t<input type=\"hidden\" name=\"post_id\" value=\"16\"\/>\n\t\t\t<input type=\"hidden\" name=\"form_id\" value=\"f3d4d2e\"\/>\n\t\t\t<input type=\"hidden\" name=\"referer_title\" value=\"\" \/>\n\n\t\t\t\t\t\t\t<input type=\"hidden\" name=\"queried_id\" value=\"16\"\/>\n\t\t\t\n\t\t\t<div class=\"elementor-form-fields-wrapper elementor-labels-\">\n\t\t\t\t\t\t\t\t<div class=\"elementor-field-type-text elementor-field-group elementor-column elementor-field-group-name elementor-col-50 elementor-field-required\">\n\t\t\t\t\t\t\t\t\t\t\t\t<label for=\"form-field-name\" class=\"elementor-field-label elementor-screen-only\">\n\t\t\t\t\t\t\t\tNom\t\t\t\t\t\t\t<\/label>\n\t\t\t\t\t\t\t\t\t\t\t\t\t\t<input size=\"1\" type=\"text\" name=\"form_fields[name]\" id=\"form-field-name\" class=\"elementor-field elementor-size-sm  elementor-field-textual\" placeholder=\"Nom\" required=\"required\">\n\t\t\t\t\t\t\t\t\t\t\t<\/div>\n\t\t\t\t\t\t\t\t<div class=\"elementor-field-type-email elementor-field-group elementor-column elementor-field-group-email elementor-col-50 elementor-field-required\">\n\t\t\t\t\t\t\t\t\t\t\t\t<label for=\"form-field-email\" class=\"elementor-field-label elementor-screen-only\">\n\t\t\t\t\t\t\t\tE-mail\t\t\t\t\t\t\t<\/label>\n\t\t\t\t\t\t\t\t\t\t\t\t\t\t<input size=\"1\" type=\"email\" name=\"form_fields[email]\" id=\"form-field-email\" class=\"elementor-field elementor-size-sm  elementor-field-textual\" placeholder=\"E-mail\" required=\"required\">\n\t\t\t\t\t\t\t\t\t\t\t<\/div>\n\t\t\t\t\t\t\t\t<div class=\"elementor-field-type-textarea elementor-field-group elementor-column elementor-field-group-message elementor-col-100\">\n\t\t\t\t\t\t\t\t\t\t\t\t<label for=\"form-field-message\" class=\"elementor-field-label elementor-screen-only\">\n\t\t\t\t\t\t\t\tMessage\t\t\t\t\t\t\t<\/label>\n\t\t\t\t\t\t<textarea class=\"elementor-field-textual elementor-field  elementor-size-sm\" name=\"form_fields[message]\" id=\"form-field-message\" rows=\"4\" placeholder=\"Message\"><\/textarea>\t\t\t\t<\/div>\n\t\t\t\t\t\t\t\t<div class=\"elementor-field-type-recaptcha_v3 elementor-field-group elementor-column elementor-field-group-field_1b53712 elementor-col-100 recaptcha_v3-bottomright\">\n\t\t\t\t\t<div class=\"elementor-field\" id=\"form-field-field_1b53712\"><div class=\"elementor-g-recaptcha\" data-sitekey=\"6Lc2s5csAAAAAB1UlPeMSqktLjN6tipHmW6cSm_T\" data-type=\"v3\" data-action=\"Form\" data-badge=\"bottomright\" data-size=\"invisible\"><\/div><\/div>\t\t\t\t<\/div>\n\t\t\t\t\t\t\t\t<div class=\"elementor-field-group elementor-column elementor-field-type-submit elementor-col-100 e-form__buttons\">\n\t\t\t\t\t<button class=\"elementor-button elementor-size-sm\" type=\"submit\">\n\t\t\t\t\t\t<span class=\"elementor-button-content-wrapper\">\n\t\t\t\t\t\t\t\t\t\t\t\t\t\t\t\t\t\t\t\t\t\t<span class=\"elementor-button-text\">J'ai plus de 18 ans et je souhaite r\u00e9server pour l'inauguration<\/span>\n\t\t\t\t\t\t\t\t\t\t\t\t\t<\/span>\n\t\t\t\t\t<\/button>\n\t\t\t\t<\/div>\n\t\t\t<\/div>\n\t\t<\/form>\n\t\t\t\t\t\t<\/div>\n\t\t\t\t<div class=\"elementor-element elementor-element-17f4ff0 elementor-widget elementor-widget-text-editor\" data-id=\"17f4ff0\" data-element_type=\"widget\" data-e-type=\"widget\" data-widget_type=\"text-editor.default\">\n\t\t\t\t\t\t\t\t\t<p>\u00a9 Le QG SAUNA. Tous droits r\u00e9serv\u00e9s\u00a0<\/p>\t\t\t\t\t\t\t\t<\/div>\n\t\t\t\t\t<\/div>\n\t\t\t\t<\/div>\n\t\t\t\t<\/div>\n\t\t","protected":false},"excerpt":{"rendered":"<p>Pr\u00eat(e) \u00e0 d\u00e9couvrir le nouveau lieu de tous les plaisirs \u00e0 la Rochelle ? L&#8217;\u00e9quipe du QG SAUNA change et vous accueille en ambiance libertine ou gay, au c\u0153ur de la ville et en toute discr\u00e9tion.\u00a0 D\u00e9tendez-vous dans notre baln\u00e9o (jacuzzi, sauna &amp; hammam) ou partagez un verre au bar (Licence IV) &#8230; ou les [&hellip;]<\/p>\n","protected":false},"author":1,"featured_media":0,"parent":0,"menu_order":0,"comment_status":"closed","ping_status":"closed","template":"elementor_canvas","meta":{"footnotes":""},"class_list":["post-16","page","type-page","status-publish","hentry"],"_links":{"self":[{"href":"https:\/\/qgsauna.com\/index.php\/wp-json\/wp\/v2\/pages\/16","targetHints":{"allow":["GET"]}}],"collection":[{"href":"https:\/\/qgsauna.com\/index.php\/wp-json\/wp\/v2\/pages"}],"about":[{"href":"https:\/\/qgsauna.com\/index.php\/wp-json\/wp\/v2\/types\/page"}],"author":[{"embeddable":true,"href":"https:\/\/qgsauna.com\/index.php\/wp-json\/wp\/v2\/users\/1"}],"replies":[{"embeddable":true,"href":"https:\/\/qgsauna.com\/index.php\/wp-json\/wp\/v2\/comments?post=16"}],"version-history":[{"count":49,"href":"https:\/\/qgsauna.com\/index.php\/wp-json\/wp\/v2\/pages\/16\/revisions"}],"predecessor-version":[{"id":72,"href":"https:\/\/qgsauna.com\/index.php\/wp-json\/wp\/v2\/pages\/16\/revisions\/72"}],"wp:attachment":[{"href":"https:\/\/qgsauna.com\/index.php\/wp-json\/wp\/v2\/media?parent=16"}],"curies":[{"name":"wp","href":"https:\/\/api.w.org\/{rel}","templated":true}]}}